{"id":2624,"date":"2023-03-25T12:45:29","date_gmt":"2023-03-25T11:45:29","guid":{"rendered":"https:\/\/imperfectcrimes.com\/?page_id=2624"},"modified":"2025-11-16T12:55:54","modified_gmt":"2025-11-16T11:55:54","slug":"privacy-policy","status":"publish","type":"page","link":"https:\/\/imperfectcrimes.com\/it\/privacy-policy\/","title":{"rendered":"Privacy Policy"},"content":{"rendered":"<div data-elementor-type=\"wp-page\" data-elementor-id=\"2624\" class=\"elementor elementor-2624\" data-elementor-post-type=\"page\">\n\t\t\t\t\t\t<section class=\"elementor-section elementor-top-section elementor-element elementor-element-cf22115 elementor-section-boxed elementor-section-height-default elementor-section-height-default\" data-id=\"cf22115\" data-element_type=\"section\" data-e-type=\"section\" data-settings=\"{&quot;mdp_selection_sticky_effect_enable&quot;:false}\">\n\t\t\t\t\t\t<div class=\"elementor-container elementor-column-gap-default\">\n\t\t\t\t\t<div class=\"elementor-column elementor-col-100 elementor-top-column elementor-element elementor-element-d6a0d94\" data-id=\"d6a0d94\" data-element_type=\"column\" data-e-type=\"column\" data-settings=\"{&quot;mdp_selection_sticky_column_effect_enable&quot;:false}\">\n\t\t\t<div class=\"elementor-widget-wrap elementor-element-populated\">\n\t\t\t\t\t\t<div class=\"elementor-element elementor-element-7175137 elementor-widget elementor-widget-heading\" data-id=\"7175137\" data-element_type=\"widget\" data-e-type=\"widget\" data-widget_type=\"heading.default\">\n\t\t\t\t<div class=\"elementor-widget-container\">\n\t\t\t\t\t<h4 class=\"elementor-heading-title elementor-size-default\">Informativa sulla privacy<\/h4>\t\t\t\t<\/div>\n\t\t\t\t<\/div>\n\t\t\t\t<div class=\"elementor-element elementor-element-e0ee9cd elementor-widget elementor-widget-text-editor\" data-id=\"e0ee9cd\" data-element_type=\"widget\" data-e-type=\"widget\" data-widget_type=\"text-editor.default\">\n\t\t\t\t<div class=\"elementor-widget-container\">\n\t\t\t\t\t\t\t\t\t<p>La vostra privacy \u00e8 importante per FRILAP LLC, ed \u00e8 per questo che abbiamo sviluppato un'Informativa sulla privacy che descrive come raccogliamo, utilizziamo, divulghiamo, trasferiamo e conserviamo le vostre informazioni personali. FRILAP LLC protegge la vostra privacy e non vender\u00e0, affitter\u00e0 o condivider\u00e0 mai le vostre informazioni personali senza il vostro permesso, a meno che non vengano rivelate in conformit\u00e0 a un ordine del tribunale o a requisiti legali.<\/p><p><strong>Cookie e indirizzi IP<\/strong><\/p><p>FRILAP LLC si impegna a tutelare la privacy dei propri clienti. I cookie sono piccole informazioni che vengono memorizzate sul disco rigido del computer dal browser Internet. Il vostro browser \u00e8 solitamente impostato per accettare i cookie inizialmente. Se si imposta il browser in modo da bloccare i cookie, il sito web non riconoscer\u00e0 il vostro account n\u00e9 alcuna personalizzazione. Non utilizziamo e non possiamo utilizzare i cookie per raccogliere le vostre informazioni private memorizzate sul vostro disco rigido. Gli inserzionisti di terze parti ci aiutano a mostrare contenuti personalizzati ai nostri clienti e a pubblicare annunci per nostro conto. Questi inserzionisti possono anche utilizzare cookie e\/o web beacon per misurare l'efficacia, l'efficienza, ecc. dei siti web.<\/p><p>Ulteriori informazioni sono disponibili nel nostro <a href=\"\/it\/legal\/\">Informativa sui cookie.<\/a><\/p><p><strong>Link a fornitori di terze parti<\/strong><\/p><p>Occasionalmente, a nostra discrezione, possiamo includere o offrire prodotti o servizi di terzi sul nostro sito web. Questi siti web di terzi hanno politiche sulla privacy separate e indipendenti. Pertanto, non siamo responsabili del contenuto e delle attivit\u00e0 di questi siti collegati. Tuttavia, ci impegniamo a proteggere l'integrit\u00e0 del nostro sito web e accogliamo con favore qualsiasi feedback.<\/p><p><strong>Conformit\u00e0 alla legge sulla tutela della privacy dei minori su Internet<\/strong><\/p><p>Aderiamo ai requisiti del COPPA (Children's Online Privacy Protection Act). Non raccogliamo informazioni da persone di et\u00e0 inferiore ai 13 anni. Il nostro sito web, i nostri prodotti e servizi sono rivolti a persone di et\u00e0 superiore ai 13 anni.<\/p><p><strong>Nella dichiarazione di raccolta della formazione<\/strong><\/p><p>Non vengono raccolte informazioni per i clienti che si limitano a visitare il web.<br \/>I clienti che effettuano l'ordine devono inserire nome, indirizzo e-mail, indirizzo di consegna, codice postale e conto di pagamento. Per le informazioni di cui sopra, inviamo ai clienti informazioni sugli ordini e sulle attivit\u00e0 promozionali in negozio solo via e-mail.<\/p><p><strong>Cancellazione dei dati<\/strong><\/p><p>Gli utenti che hanno fornito i propri dati personali possono revocare il proprio consenso al trattamento dei dati personali in qualsiasi momento, per iscritto, inviando una e-mail a <a href=\"mailto:contact@frilap.com\">contact@frilap.com<\/a>\u00a0inviandoci una copia della carta d'identit\u00e0.<\/p><p><strong>Sicurezza dei dati personali<\/strong><\/p><p>Utilizziamo misure di sicurezza per proteggere i vostri dati personali e impedirne la divulgazione, l'uso improprio o l'alterazione non autorizzata.<br \/>Tuttavia, l'utente deve essere consapevole che le misure di sicurezza di Internet non sono completamente inespugnabili e che nessuna trasmissione Internet \u00e8 completamente sicura o priva di errori, nel qual caso FRILAP LLC non pu\u00f2 essere ritenuta responsabile.<\/p><p><strong>Aggiornamenti alla presente informativa sulla privacy<\/strong><\/p><p>Diese Datenschutzrichtlinie wurde zuletzt am 26. M\u00e4rz 2023 aktualisiert. Wir behalten uns das Recht vor, diese Datenschutzrichtlinie von Zeit zu Zeit zu aktualisieren und zu \u00e4ndern, beispielsweise um \u00c4nderungen in der Art und Weise widerzuspiegeln, wie wir Ihre personenbezogenen Daten verarbeiten, oder um gesetzliche Anforderungen zu \u00e4ndern. Im Falle solcher \u00c4nderungen werden wir die ge\u00e4nderte Datenschutzrichtlinie auf unserer Website ver\u00f6ffentlichen oder anderweitig ver\u00f6ffentlichen. \u00c4nderungen treten in Kraft, sobald sie auf unserer Website ver\u00f6ffentlicht werden.<\/p>\t\t\t\t\t\t\t\t<\/div>\n\t\t\t\t<\/div>\n\t\t\t\t\t<\/div>\n\t\t<\/div>\n\t\t\t\t\t<\/div>\n\t\t<\/section>\n\t\t\t\t<\/div>","protected":false},"excerpt":{"rendered":"<p>Datenschutzerkl\u00e4rung Ihre Privatsph\u00e4re ist FRILAP LLC wichtig, weshalb wir eine Datenschutzrichtlinie entwickelt haben, die beschreibt, wie wir Ihre personenbezogenen Daten erfassen, verwenden, offenlegen, \u00fcbertragen und speichern. FRILAP LLC sch\u00fctzt Ihre Privatsph\u00e4re und wird Ihre pers\u00f6nlichen Daten niemals ohne Ihre Genehmigung verkaufen, vermieten oder weitergeben, es sei denn, dies wird in \u00dcbereinstimmung mit einem Gerichtsbeschluss oder [&hellip;]<\/p>\n","protected":false},"author":4,"featured_media":0,"parent":0,"menu_order":81,"comment_status":"closed","ping_status":"closed","template":"elementor_header_footer","meta":{"site-sidebar-layout":"no-sidebar","site-content-layout":"page-builder","ast-site-content-layout":"default","site-content-style":"default","site-sidebar-style":"default","ast-global-header-display":"","ast-banner-title-visibility":"","ast-main-header-display":"","ast-hfb-above-header-display":"","ast-hfb-below-header-display":"","ast-hfb-mobile-header-display":"","site-post-title":"disabled","ast-breadcrumbs-content":"","ast-featured-img":"","footer-sml-layout":"","ast-disable-related-posts":"","theme-transparent-header-meta":"default","adv-header-id-meta":"","stick-header-meta":"","header-above-stick-meta":"","header-main-stick-meta":"","header-below-stick-meta":"","astra-migrate-meta-layouts":"default","ast-page-background-enabled":"default","ast-page-background-meta":{"desktop":{"background-color":"var(--ast-global-color-4)","background-image":"","background-repeat":"repeat","background-position":"center center","background-size":"auto","background-attachment":"scroll","background-type":"","background-media":"","overlay-type":"","overlay-color":"","overlay-opacity":"","overlay-gradient":""},"tablet":{"background-color":"","background-image":"","background-repeat":"repeat","background-position":"center center","background-size":"auto","background-attachment":"scroll","background-type":"","background-media":"","overlay-type":"","overlay-color":"","overlay-opacity":"","overlay-gradient":""},"mobile":{"background-color":"","background-image":"","background-repeat":"repeat","background-position":"center center","background-size":"auto","background-attachment":"scroll","background-type":"","background-media":"","overlay-type":"","overlay-color":"","overlay-opacity":"","overlay-gradient":""}},"ast-content-background-meta":{"desktop":{"background-color":"var(--ast-global-color-5)","background-image":"","background-repeat":"repeat","background-position":"center center","background-size":"auto","background-attachment":"scroll","background-type":"","background-media":"","overlay-type":"","overlay-color":"","overlay-opacity":"","overlay-gradient":""},"tablet":{"background-color":"var(--ast-global-color-5)","background-image":"","background-repeat":"repeat","background-position":"center center","background-size":"auto","background-attachment":"scroll","background-type":"","background-media":"","overlay-type":"","overlay-color":"","overlay-opacity":"","overlay-gradient":""},"mobile":{"background-color":"var(--ast-global-color-5)","background-image":"","background-repeat":"repeat","background-position":"center center","background-size":"auto","background-attachment":"scroll","background-type":"","background-media":"","overlay-type":"","overlay-color":"","overlay-opacity":"","overlay-gradient":""}},"footnotes":""},"class_list":["post-2624","page","type-page","status-publish","hentry"],"_links":{"self":[{"href":"https:\/\/imperfectcrimes.com\/it\/wp-json\/wp\/v2\/pages\/2624","targetHints":{"allow":["GET"]}}],"collection":[{"href":"https:\/\/imperfectcrimes.com\/it\/wp-json\/wp\/v2\/pages"}],"about":[{"href":"https:\/\/imperfectcrimes.com\/it\/wp-json\/wp\/v2\/types\/page"}],"author":[{"embeddable":true,"href":"https:\/\/imperfectcrimes.com\/it\/wp-json\/wp\/v2\/users\/4"}],"replies":[{"embeddable":true,"href":"https:\/\/imperfectcrimes.com\/it\/wp-json\/wp\/v2\/comments?post=2624"}],"version-history":[{"count":0,"href":"https:\/\/imperfectcrimes.com\/it\/wp-json\/wp\/v2\/pages\/2624\/revisions"}],"wp:attachment":[{"href":"https:\/\/imperfectcrimes.com\/it\/wp-json\/wp\/v2\/media?parent=2624"}],"curies":[{"name":"wp","href":"https:\/\/api.w.org\/{rel}","templated":true}]}}